{"id":1689,"date":"2025-10-04T11:24:16","date_gmt":"2025-10-04T09:24:16","guid":{"rendered":"https:\/\/grankullavik.com\/?page_id=1689"},"modified":"2025-10-04T12:23:15","modified_gmt":"2025-10-04T10:23:15","slug":"gastportal","status":"publish","type":"page","link":"https:\/\/grankullavik.com\/de_de\/gastportal\/","title":{"rendered":"G\u00e4steportal"},"content":{"rendered":"<p>[et_pb_section fb_built=&#8221;1&#8243; _builder_version=&#8221;4.27.4&#8243; _module_preset=&#8221;default&#8221; global_colors_info=&#8221;{}&#8221;][et_pb_row _builder_version=&#8221;4.27.4&#8243; _module_preset=&#8221;default&#8221; global_colors_info=&#8221;{}&#8221;][et_pb_column type=&#8221;4_4&#8243; _builder_version=&#8221;4.27.4&#8243; _module_preset=&#8221;default&#8221; global_colors_info=&#8221;{}&#8221;][et_pb_code _builder_version=&#8221;4.27.4&#8243; _module_preset=&#8221;default&#8221; hover_enabled=&#8221;0&#8243; global_colors_info=&#8221;{}&#8221; raw_content_last_edited=&#8221;on|desktop&#8221; sticky_enabled=&#8221;0&#8243;]<script async src=\"https:\/\/secured.sirvoy.com\/widget\/sirvoy.js\" data-form-id=\"8b7dce38765cf459\" data-widget=\"review\" data-wp-plugin-version=\"5.1\"><\/script>[\/et_pb_code][\/et_pb_column][\/et_pb_row][\/et_pb_section]<\/p>\n","protected":false},"excerpt":{"rendered":"<script async src=\"https:\/\/secured.sirvoy.com\/widget\/sirvoy.js\" data-form-id=\"8b7dce38765cf459\" data-widget=\"review\" data-wp-plugin-version=\"5.1\"><\/script>","protected":false},"author":2,"featured_media":0,"parent":0,"menu_order":0,"comment_status":"closed","ping_status":"closed","template":"","meta":{"_et_pb_use_builder":"on","_et_pb_old_content":"","_et_gb_content_width":"","footnotes":""},"class_list":["post-1689","page","type-page","status-publish","hentry"],"yoast_head":"<!-- This site is optimized with the Yoast SEO plugin v27.2 - https:\/\/yoast.com\/product\/yoast-seo-wordpress\/ -->\n<title>G\u00e4stportal<\/title>\n<meta name=\"robots\" content=\"index, follow, max-snippet:-1, max-image-preview:large, max-video-preview:-1\" \/>\n<link rel=\"canonical\" href=\"https:\/\/grankullavik.com\/de_de\/gastportal\/\" \/>\n<meta property=\"og:locale\" content=\"de_DE\" \/>\n<meta property=\"og:type\" content=\"article\" \/>\n<meta property=\"og:title\" content=\"G\u00e4stportal\" \/>\n<meta property=\"og:url\" content=\"https:\/\/grankullavik.com\/de_de\/gastportal\/\" \/>\n<meta property=\"og:site_name\" content=\"Grankullavik Fritidsby\" \/>\n<meta property=\"article:publisher\" content=\"https:\/\/www.facebook.com\/grankullavikfritidsby\/\" \/>\n<meta property=\"article:modified_time\" content=\"2025-10-04T10:23:15+00:00\" \/>\n<meta property=\"og:image\" content=\"https:\/\/grankullavik.com\/wp-content\/uploads\/2026\/03\/IMG_8390-kopiera-scaled-2.webp\" \/>\n\t<meta property=\"og:image:width\" content=\"1500\" \/>\n\t<meta property=\"og:image:height\" content=\"1000\" \/>\n\t<meta property=\"og:image:type\" content=\"image\/webp\" \/>\n<meta name=\"twitter:card\" content=\"summary_large_image\" \/>\n<meta name=\"twitter:description\" content=\"[sirvoy form-id=&quot;8b7dce38765cf459&quot; widget=&quot;review&quot;]\" \/>\n<script type=\"application\/ld+json\" class=\"yoast-schema-graph\">{\"@context\":\"https:\/\/schema.org\",\"@graph\":[{\"@type\":\"WebPage\",\"@id\":\"https:\/\/grankullavik.com\/gastportal\/\",\"url\":\"https:\/\/grankullavik.com\/gastportal\/\",\"name\":\"G\u00e4stportal\",\"isPartOf\":{\"@id\":\"https:\/\/grankullavik.com\/#website\"},\"datePublished\":\"2025-10-04T09:24:16+00:00\",\"dateModified\":\"2025-10-04T10:23:15+00:00\",\"breadcrumb\":{\"@id\":\"https:\/\/grankullavik.com\/gastportal\/#breadcrumb\"},\"inLanguage\":\"de\",\"potentialAction\":[{\"@type\":\"ReadAction\",\"target\":[\"https:\/\/grankullavik.com\/gastportal\/\"]}]},{\"@type\":\"BreadcrumbList\",\"@id\":\"https:\/\/grankullavik.com\/gastportal\/#breadcrumb\",\"itemListElement\":[{\"@type\":\"ListItem\",\"position\":1,\"name\":\"Hem\",\"item\":\"https:\/\/grankullavik.com\/\"},{\"@type\":\"ListItem\",\"position\":2,\"name\":\"G\u00e4stportal\"}]},{\"@type\":\"WebSite\",\"@id\":\"https:\/\/grankullavik.com\/#website\",\"url\":\"https:\/\/grankullavik.com\/\",\"name\":\"Grankullavik Fritidsby & \u00d6lands Sportfiskecentrum\",\"description\":\"Hyr stuga med havsutsikt p\u00e5 Norra \u00d6land. Boende med badstrand\",\"publisher\":{\"@id\":\"https:\/\/grankullavik.com\/#organization\"},\"alternateName\":\"Grankullavik Fritidsby\",\"potentialAction\":[{\"@type\":\"SearchAction\",\"target\":{\"@type\":\"EntryPoint\",\"urlTemplate\":\"https:\/\/grankullavik.com\/?s={search_term_string}\"},\"query-input\":{\"@type\":\"PropertyValueSpecification\",\"valueRequired\":true,\"valueName\":\"search_term_string\"}}],\"inLanguage\":\"de\"},{\"@type\":\"Organization\",\"@id\":\"https:\/\/grankullavik.com\/#organization\",\"name\":\"Grankullavik Fritidsby & \u00d6lands Sportfiskecentrum\",\"alternateName\":\"Grankullavik Fritidsby\",\"url\":\"https:\/\/grankullavik.com\/\",\"logo\":{\"@type\":\"ImageObject\",\"inLanguage\":\"de\",\"@id\":\"https:\/\/grankullavik.com\/#\/schema\/logo\/image\/\",\"url\":\"https:\/\/grankullavik.com\/wp-content\/uploads\/2019\/04\/cropped-favicon-grankullavik.png\",\"contentUrl\":\"https:\/\/grankullavik.com\/wp-content\/uploads\/2019\/04\/cropped-favicon-grankullavik.png\",\"width\":512,\"height\":512,\"caption\":\"Grankullavik Fritidsby & \u00d6lands Sportfiskecentrum\"},\"image\":{\"@id\":\"https:\/\/grankullavik.com\/#\/schema\/logo\/image\/\"},\"sameAs\":[\"https:\/\/www.facebook.com\/grankullavikfritidsby\/\"]}]}<\/script>\n<!-- \/ Yoast SEO plugin. -->","yoast_head_json":{"title":"G\u00e4steportal","robots":{"index":"index","follow":"follow","max-snippet":"max-snippet:-1","max-image-preview":"max-image-preview:large","max-video-preview":"max-video-preview:-1"},"canonical":"https:\/\/grankullavik.com\/de_de\/gastportal\/","og_locale":"de_DE","og_type":"article","og_title":"G\u00e4stportal","og_url":"https:\/\/grankullavik.com\/de_de\/gastportal\/","og_site_name":"Grankullavik Fritidsby","article_publisher":"https:\/\/www.facebook.com\/grankullavikfritidsby\/","article_modified_time":"2025-10-04T10:23:15+00:00","og_image":[{"width":1500,"height":1000,"url":"https:\/\/grankullavik.com\/wp-content\/uploads\/2026\/03\/IMG_8390-kopiera-scaled-2.webp","type":"image\/webp"}],"twitter_card":"summary_large_image","twitter_description":"[sirvoy form-id=\"8b7dce38765cf459\" widget=\"review\"]","schema":{"@context":"https:\/\/schema.org","@graph":[{"@type":"WebPage","@id":"https:\/\/grankullavik.com\/gastportal\/","url":"https:\/\/grankullavik.com\/gastportal\/","name":"G\u00e4steportal","isPartOf":{"@id":"https:\/\/grankullavik.com\/#website"},"datePublished":"2025-10-04T09:24:16+00:00","dateModified":"2025-10-04T10:23:15+00:00","breadcrumb":{"@id":"https:\/\/grankullavik.com\/gastportal\/#breadcrumb"},"inLanguage":"de","potentialAction":[{"@type":"ReadAction","target":["https:\/\/grankullavik.com\/gastportal\/"]}]},{"@type":"BreadcrumbList","@id":"https:\/\/grankullavik.com\/gastportal\/#breadcrumb","itemListElement":[{"@type":"ListItem","position":1,"name":"Hem","item":"https:\/\/grankullavik.com\/"},{"@type":"ListItem","position":2,"name":"G\u00e4stportal"}]},{"@type":"WebSite","@id":"https:\/\/grankullavik.com\/#website","url":"https:\/\/grankullavik.com\/","name":"Grankullavik Fritidsby & \u00d6lands Sportfiskecentrum","description":"Hyr stuga med havsutsikt p\u00e5 Norra \u00d6land. Boende med badstrand","publisher":{"@id":"https:\/\/grankullavik.com\/#organization"},"alternateName":"Grankullavik Fritidsby","potentialAction":[{"@type":"SearchAction","target":{"@type":"EntryPoint","urlTemplate":"https:\/\/grankullavik.com\/?s={search_term_string}"},"query-input":{"@type":"PropertyValueSpecification","valueRequired":true,"valueName":"search_term_string"}}],"inLanguage":"de"},{"@type":"Organization","@id":"https:\/\/grankullavik.com\/#organization","name":"Grankullavik Fritidsby & \u00d6lands Sportfiskecentrum","alternateName":"Grankullavik Fritidsby","url":"https:\/\/grankullavik.com\/","logo":{"@type":"ImageObject","inLanguage":"de","@id":"https:\/\/grankullavik.com\/#\/schema\/logo\/image\/","url":"https:\/\/grankullavik.com\/wp-content\/uploads\/2019\/04\/cropped-favicon-grankullavik.png","contentUrl":"https:\/\/grankullavik.com\/wp-content\/uploads\/2019\/04\/cropped-favicon-grankullavik.png","width":512,"height":512,"caption":"Grankullavik Fritidsby & \u00d6lands Sportfiskecentrum"},"image":{"@id":"https:\/\/grankullavik.com\/#\/schema\/logo\/image\/"},"sameAs":["https:\/\/www.facebook.com\/grankullavikfritidsby\/"]}]}},"_links":{"self":[{"href":"https:\/\/grankullavik.com\/de_de\/wp-json\/wp\/v2\/pages\/1689","targetHints":{"allow":["GET"]}}],"collection":[{"href":"https:\/\/grankullavik.com\/de_de\/wp-json\/wp\/v2\/pages"}],"about":[{"href":"https:\/\/grankullavik.com\/de_de\/wp-json\/wp\/v2\/types\/page"}],"author":[{"embeddable":true,"href":"https:\/\/grankullavik.com\/de_de\/wp-json\/wp\/v2\/users\/2"}],"replies":[{"embeddable":true,"href":"https:\/\/grankullavik.com\/de_de\/wp-json\/wp\/v2\/comments?post=1689"}],"version-history":[{"count":0,"href":"https:\/\/grankullavik.com\/de_de\/wp-json\/wp\/v2\/pages\/1689\/revisions"}],"wp:attachment":[{"href":"https:\/\/grankullavik.com\/de_de\/wp-json\/wp\/v2\/media?parent=1689"}],"curies":[{"name":"wp","href":"https:\/\/api.w.org\/{rel}","templated":true}]}}