{"id":971,"date":"2020-01-09T10:05:24","date_gmt":"2020-01-09T09:05:24","guid":{"rendered":"https:\/\/grankullavik.com\/?page_id=971"},"modified":"2026-03-12T09:56:22","modified_gmt":"2026-03-12T08:56:22","slug":"naturupplevelser","status":"publish","type":"page","link":"https:\/\/grankullavik.com\/de_de\/naturupplevelser\/","title":{"rendered":"Naturerlebnisse"},"content":{"rendered":"<p>[et_pb_section fb_built=&#8221;1&#8243; custom_padding_last_edited=&#8221;off|desktop&#8221; next_background_color=&#8221;#ffffff&#8221; admin_label=&#8221;Menu&#8221; _builder_version=&#8221;4.16&#8243; use_background_color_gradient=&#8221;on&#8221; background_color_gradient_stops=&#8221;rgba(255,255,255,0) 0%|rgba(255,255,255,0.08) 60%&#8221; background_color_gradient_overlays_image=&#8221;on&#8221; background_color_gradient_start=&#8221;rgba(255,255,255,0)&#8221; background_color_gradient_end=&#8221;rgba(255,255,255,0.08)&#8221; background_color_gradient_end_position=&#8221;60%&#8221; background_image=&#8221;https:\/\/grankullavik.com\/wp-content\/uploads\/2026\/03\/Forest-569kb.webp&#8221; custom_padding=&#8221;15%|0px|15%|0px&#8221; custom_padding_tablet=&#8221;50px|||&#8221; top_divider_height=&#8221;20px&#8221; bottom_divider_style=&#8221;waves&#8221; bottom_divider_height=&#8221;20px&#8221; collapsed=&#8221;on&#8221; global_colors_info=&#8221;{}&#8221;][et_pb_row _builder_version=&#8221;4.16&#8243; locked=&#8221;off&#8221; global_colors_info=&#8221;{}&#8221;][et_pb_column type=&#8221;4_4&#8243; _builder_version=&#8221;4.16&#8243; custom_padding=&#8221;|||&#8221; global_colors_info=&#8221;{}&#8221; custom_padding__hover=&#8221;|||&#8221;][et_pb_text _builder_version=&#8221;4.16&#8243; text_font_size=&#8221;16px&#8221; text_line_height=&#8221;2em&#8221; header_font=&#8221;|700|||||||&#8221; header_font_size=&#8221;50px&#8221; header_2_font=&#8221;|700|||||||&#8221; header_2_font_size=&#8221;50px&#8221; header_2_line_height=&#8221;1.2em&#8221; header_6_font=&#8221;|700||on|||||&#8221; header_6_font_size=&#8221;16px&#8221; header_6_letter_spacing=&#8221;5px&#8221; header_6_line_height=&#8221;1.8em&#8221; background_layout=&#8221;dark&#8221; max_width=&#8221;512px&#8221; max_width_last_edited=&#8221;off|desktop&#8221; custom_margin=&#8221;||0px|&#8221; custom_padding=&#8221;||0px|&#8221; header_font_size_tablet=&#8221;35px&#8221; header_font_size_phone=&#8221;25px&#8221; header_font_size_last_edited=&#8221;on|phone&#8221; header_2_font_size_tablet=&#8221;35px&#8221; header_2_font_size_phone=&#8221;25px&#8221; header_2_font_size_last_edited=&#8221;on|phone&#8221; global_colors_info=&#8221;{}&#8221;]<\/p>\n<h6>Norra \u00d6land<\/h6>\n<h1>Naturupplevelser<\/h1>\n<p>[\/et_pb_text][\/et_pb_column][\/et_pb_row][\/et_pb_section][et_pb_section fb_built=&#8221;1&#8243; _builder_version=&#8221;4.16&#8243; global_colors_info=&#8221;{}&#8221;][et_pb_row _builder_version=&#8221;4.16&#8243; custom_padding=&#8221;0px||0px|||&#8221; global_colors_info=&#8221;{}&#8221;][et_pb_column type=&#8221;4_4&#8243; _builder_version=&#8221;4.16&#8243; custom_padding=&#8221;|||&#8221; global_colors_info=&#8221;{}&#8221; custom_padding__hover=&#8221;|||&#8221;][et_pb_divider show_divider=&#8221;off&#8221; _builder_version=&#8221;4.16&#8243; global_colors_info=&#8221;{}&#8221;][\/et_pb_divider][\/et_pb_column][\/et_pb_row][\/et_pb_section][et_pb_section fb_built=&#8221;1&#8243; _builder_version=&#8221;4.16&#8243; custom_margin=&#8221;0px|||&#8221; custom_padding=&#8221;0px|||&#8221; global_colors_info=&#8221;{}&#8221;][et_pb_row column_structure=&#8221;1_3,1_3,1_3&#8243; _builder_version=&#8221;4.16&#8243; custom_margin=&#8221;0px|||&#8221; custom_padding=&#8221;0px|||&#8221; global_colors_info=&#8221;{}&#8221;][et_pb_column type=&#8221;1_3&#8243; _builder_version=&#8221;4.16&#8243; custom_padding=&#8221;|||&#8221; global_colors_info=&#8221;{}&#8221; custom_padding__hover=&#8221;|||&#8221;][et_pb_image src=&#8221;https:\/\/grankullavik.com\/wp-content\/uploads\/2026\/03\/Trollskogen.webp&#8221; align_tablet=&#8221;center&#8221; align_phone=&#8221;&#8221; align_last_edited=&#8221;on|desktop&#8221; _builder_version=&#8221;4.16&#8243; hover_enabled=&#8221;0&#8243; global_colors_info=&#8221;{}&#8221; sticky_enabled=&#8221;0&#8243;][\/et_pb_image][et_pb_text _builder_version=&#8221;4.16&#8243; global_colors_info=&#8221;{}&#8221;]<\/p>\n<h3>Trollskogen<\/h3>\n<p class=\"p1\"><span class=\"s1\">L\u00e4ngst ut p\u00e5 \u00d6lands nord\u00f6stra udde ligger Trollskogen, en gammal barrskog som genom kornas bete f\u00e5tt sin speciella karakt\u00e4r, H\u00e4r finns \u00e4ven olika aktiviteter f\u00f6r barn.<\/span><\/p>\n<p><strong style=\"font-size: 14px;\"><a href=\"https:\/\/visitoland.com\/gora-pa-oland\/trollskogen\/\" target=\"_blank\" rel=\"noopener noreferrer\">L\u00e4s mer om Trollskogen<\/a><\/strong><\/p>\n<p>[\/et_pb_text][\/et_pb_column][et_pb_column type=&#8221;1_3&#8243; _builder_version=&#8221;4.16&#8243; custom_padding=&#8221;|||&#8221; global_colors_info=&#8221;{}&#8221; custom_padding__hover=&#8221;|||&#8221;][et_pb_image src=&#8221;https:\/\/grankullavik.com\/wp-content\/uploads\/2026\/03\/Lavendel-246kb.webp&#8221; align_tablet=&#8221;center&#8221; align_phone=&#8221;&#8221; align_last_edited=&#8221;on|desktop&#8221; _builder_version=&#8221;4.16&#8243; custom_padding=&#8221;||0px|||&#8221; global_colors_info=&#8221;{}&#8221;][\/et_pb_image][et_pb_text _builder_version=&#8221;4.16&#8243; global_colors_info=&#8221;{}&#8221;]<\/p>\n<h3>Neptuni \u00c5krar<\/h3>\n<p>Det var Linn\u00e9 som 1741 gav de vidstr\u00e4ckta klapperstensf\u00e4lten och de b\u00f6ljande strandvallsformationerna namnet Neptuni \u00e5krar och visst ser landskapet ut att ha formats av havsguden sj\u00e4lv. N\u00e4r bl\u00e5elden blommar mot den gr\u00e5vita kalkstenen vallf\u00e4rdar b\u00e5de turister och \u00f6l\u00e4nningar hit.<\/p>\n<p><strong><a href=\"http:\/\/visitoland.com\/gora-pa-oland\/neptuni-akrar\/\" target=\"_blank\" rel=\"noopener noreferrer\">L\u00e4s mer om Neptuni \u00e5krar<\/a><\/strong><\/p>\n<p>[\/et_pb_text][\/et_pb_column][et_pb_column type=&#8221;1_3&#8243; _builder_version=&#8221;4.16&#8243; custom_padding=&#8221;|||&#8221; global_colors_info=&#8221;{}&#8221; custom_padding__hover=&#8221;|||&#8221;][et_pb_image src=&#8221;https:\/\/grankullavik.com\/wp-content\/uploads\/2026\/03\/taljpsd.webp&#8221; align_tablet=&#8221;center&#8221; align_phone=&#8221;&#8221; align_last_edited=&#8221;on|desktop&#8221; _builder_version=&#8221;4.16&#8243; min_height=&#8221;22px&#8221; custom_padding=&#8221;||0px|||&#8221; global_colors_info=&#8221;{}&#8221;][\/et_pb_image][et_pb_text _builder_version=&#8221;4.16&#8243; global_colors_info=&#8221;{}&#8221;]<\/p>\n<h3>Lindreservatet<\/h3>\n<p class=\"p1\"><span class=\"s1\">Lindreservatet \u00e4r ett av \u00d6lands allra finaste naturreservat. H\u00e4r finns \u00e4dell\u00f6vskogar, tallskog, \u00f6ppna betesmarker, alvar, k\u00e4rr och \u00f6rtrika sl\u00e5tter\u00e4ngar.<\/span><\/p>\n<p><strong><a href=\"https:\/\/visitoland.com\/gora-pa-oland\/lindreservatet\/\" target=\"_blank\" rel=\"noopener noreferrer\">L\u00e4s mer om Lindreservatet<\/a><\/strong><\/p>\n<p>[\/et_pb_text][\/et_pb_column][\/et_pb_row][et_pb_row column_structure=&#8221;1_3,1_3,1_3&#8243; _builder_version=&#8221;4.16&#8243; custom_margin=&#8221;0px|||&#8221; custom_padding=&#8221;0px|||&#8221; global_colors_info=&#8221;{}&#8221;][et_pb_column type=&#8221;1_3&#8243; _builder_version=&#8221;4.16&#8243; custom_padding=&#8221;|||&#8221; global_colors_info=&#8221;{}&#8221; custom_padding__hover=&#8221;|||&#8221;][et_pb_image src=&#8221;https:\/\/grankullavik.com\/wp-content\/uploads\/2026\/03\/Hornsgard-kopia.webp&#8221; align_tablet=&#8221;center&#8221; align_phone=&#8221;&#8221; align_last_edited=&#8221;on|desktop&#8221; _builder_version=&#8221;4.27.5&#8243; hover_enabled=&#8221;0&#8243; global_colors_info=&#8221;{}&#8221; sticky_enabled=&#8221;0&#8243; title_text=&#8221;Hornsga\u030ard (kopia)&#8221;][\/et_pb_image][et_pb_text _builder_version=&#8221;4.16&#8243; hover_enabled=&#8221;0&#8243; global_colors_info=&#8221;{}&#8221; sticky_enabled=&#8221;0&#8243;]<\/p>\n<h3>Horns kungsg\u00e5rd<\/h3>\n<p class=\"p1\"><span class=\"s1\">Horns kungsg\u00e5rd sammanfattar mycket av den \u00f6l\u00e4ndska naturens sk\u00f6nhet och s\u00e4rart. H\u00e4r finns de flesta \u00f6l\u00e4ndska naturtyper representerade.<\/span><\/p>\n<p><strong><a href=\"https:\/\/visitoland.com\/gora-pa-oland\/horns-kungsgard\/\" target=\"_blank\" rel=\"noopener noreferrer\">Horns kungsg\u00e5rd<\/a><\/strong><\/p>\n<p>[\/et_pb_text][\/et_pb_column][et_pb_column type=&#8221;1_3&#8243; _builder_version=&#8221;4.16&#8243; custom_padding=&#8221;|||&#8221; global_colors_info=&#8221;{}&#8221; custom_padding__hover=&#8221;|||&#8221;][et_pb_image src=&#8221;https:\/\/grankullavik.com\/wp-content\/uploads\/2026\/03\/lillahornslovang.webp&#8221; align_tablet=&#8221;center&#8221; align_phone=&#8221;&#8221; align_last_edited=&#8221;on|desktop&#8221; _builder_version=&#8221;4.16&#8243; global_colors_info=&#8221;{}&#8221;][\/et_pb_image][et_pb_text _builder_version=&#8221;4.16&#8243; global_colors_info=&#8221;{}&#8221;]<\/p>\n<h3>Lilla horns l\u00f6v\u00e4ng<\/h3>\n<p class=\"p1\"><span class=\"s1\">Lilla Horns l\u00f6v\u00e4ng \u00e4r en tr\u00e4db\u00e4rande sl\u00e5tter\u00e4ng och en av \u00d6lands f\u00e5 kvarvarande \u00e4ngar.<\/span><\/p>\n<p><strong><a href=\"https:\/\/visitoland.com\/gora-pa-oland\/lilla-horns-lovang\/\" target=\"_blank\" rel=\"noopener noreferrer\">Lilla horns l\u00f6v\u00e4ng<\/a><\/strong><\/p>\n<p>[\/et_pb_text][\/et_pb_column][et_pb_column type=&#8221;1_3&#8243; _builder_version=&#8221;4.16&#8243; custom_padding=&#8221;|||&#8221; global_colors_info=&#8221;{}&#8221; custom_padding__hover=&#8221;|||&#8221;][et_pb_image src=&#8221;https:\/\/grankullavik.com\/wp-content\/uploads\/2026\/03\/orkide.webp&#8221; align_tablet=&#8221;center&#8221; align_phone=&#8221;&#8221; align_last_edited=&#8221;on|desktop&#8221; _builder_version=&#8221;4.16&#8243; global_colors_info=&#8221;{}&#8221;][\/et_pb_image][et_pb_text _builder_version=&#8221;4.16&#8243; global_colors_info=&#8221;{}&#8221;]<\/p>\n<h3>S\u00f6dra Greda<\/h3>\n<p class=\"p1\"><span class=\"s1\">En glimt av paradiset! H\u00e4r bjuds man av det allra b\u00e4sta en l\u00f6v\u00e4ng p\u00e5 \u00d6land kan erbjuda.<\/span><\/p>\n<p><strong><a href=\"https:\/\/visitoland.com\/gora-pa-oland\/sodra-greda\/\" target=\"_blank\" rel=\"noopener noreferrer\">S\u00f6dra Greda<\/a><\/strong><\/p>\n<p>[\/et_pb_text][\/et_pb_column][\/et_pb_row][et_pb_row column_structure=&#8221;1_3,1_3,1_3&#8243; _builder_version=&#8221;4.16&#8243; custom_margin=&#8221;0px|||&#8221; custom_padding=&#8221;0px|||&#8221; global_colors_info=&#8221;{}&#8221;][et_pb_column type=&#8221;1_3&#8243; _builder_version=&#8221;4.16&#8243; custom_padding=&#8221;|||&#8221; global_colors_info=&#8221;{}&#8221; custom_padding__hover=&#8221;|||&#8221;][et_pb_image src=&#8221;https:\/\/grankullavik.com\/wp-content\/uploads\/2026\/03\/nightingale.webp&#8221; align_tablet=&#8221;center&#8221; align_phone=&#8221;&#8221; align_last_edited=&#8221;on|desktop&#8221; _builder_version=&#8221;4.16&#8243; global_colors_info=&#8221;{}&#8221;][\/et_pb_image][et_pb_text _builder_version=&#8221;4.16&#8243; hover_enabled=&#8221;0&#8243; global_colors_info=&#8221;{}&#8221; sticky_enabled=&#8221;0&#8243;]<\/p>\n<h3>Petg\u00e4rde och Djurstad<\/h3>\n<p class=\"p1\"><span class=\"s1\">En av \u00d6lands v\u00e5tmarker d\u00e4r bland annat \u00e4ngsh\u00f6k, brun k\u00e4rrh\u00f6k, gr\u00e5hakedopping, vattenrall, sm\u00e5fl\u00e4ckig sumph\u00f6na och enkelbeckasin h\u00e4ckar.<\/span><\/p>\n<p><strong><a href=\"https:\/\/visitoland.com\/gora-pa-oland\/petgarde-och-djurstad\/\" target=\"_blank\" rel=\"noopener noreferrer\">Petg\u00e4rde och Djurstad<\/a><\/strong><\/p>\n<p>[\/et_pb_text][\/et_pb_column][et_pb_column type=&#8221;1_3&#8243; _builder_version=&#8221;4.16&#8243; custom_padding=&#8221;|||&#8221; global_colors_info=&#8221;{}&#8221; custom_padding__hover=&#8221;|||&#8221;][et_pb_image src=&#8221;https:\/\/grankullavik.com\/wp-content\/uploads\/2026\/03\/wetlands.webp&#8221; align_tablet=&#8221;center&#8221; align_phone=&#8221;&#8221; align_last_edited=&#8221;on|desktop&#8221; _builder_version=&#8221;4.16&#8243; global_colors_info=&#8221;{}&#8221;][\/et_pb_image][et_pb_text _builder_version=&#8221;4.16&#8243; global_colors_info=&#8221;{}&#8221;]<\/p>\n<h3>Knisa mosse<\/h3>\n<p class=\"p1\"><span class=\"s1\">Knisa mosse \u00e4r en av \u00d6lands f\u00e5 odikade v\u00e5tmarker.<\/span><\/p>\n<p><strong><a href=\"https:\/\/visitoland.com\/gora-pa-oland\/knisa-mosse\/\" target=\"_blank\" rel=\"noopener noreferrer\">Knisa mosse<\/a><\/strong><\/p>\n<p>[\/et_pb_text][\/et_pb_column][et_pb_column type=&#8221;1_3&#8243; _builder_version=&#8221;4.16&#8243; custom_padding=&#8221;|||&#8221; global_colors_info=&#8221;{}&#8221; custom_padding__hover=&#8221;|||&#8221;][et_pb_image src=&#8221;https:\/\/grankullavik.com\/wp-content\/uploads\/2026\/03\/wader.webp&#8221; align_tablet=&#8221;center&#8221; align_phone=&#8221;&#8221; align_last_edited=&#8221;on|desktop&#8221; _builder_version=&#8221;4.16&#8243; global_colors_info=&#8221;{}&#8221;][\/et_pb_image][et_pb_text _builder_version=&#8221;4.16&#8243; global_colors_info=&#8221;{}&#8221;]<\/p>\n<h3>H\u00f6gen\u00e4s orde<\/h3>\n<p class=\"p1\"><span class=\"s1\">F\u00e5 platser \u00e4r s\u00e5 ljuvliga som H\u00f6gen\u00e4s orde. Fr\u00e5n fyrb\u00e5ken p\u00e5 h\u00f6jdryggen har man en storslagen utsikt ut \u00f6ver det glittrande \u00d6stersj\u00f6n.<\/span><\/p>\n<p><strong><a href=\"https:\/\/visitoland.com\/gora-pa-oland\/hogenas-orde\/\" target=\"_blank\" rel=\"noopener noreferrer\">H\u00f6gen\u00e4s orde<\/a><\/strong><\/p>\n<p>[\/et_pb_text][\/et_pb_column][\/et_pb_row][\/et_pb_section]<\/p>\n","protected":false},"excerpt":{"rendered":"<p>Norra \u00d6land NaturupplevelserTrollskogen L\u00e4ngst ut p\u00e5 \u00d6lands nord\u00f6stra udde ligger Trollskogen, en gammal barrskog som genom kornas bete f\u00e5tt sin speciella karakt\u00e4r, H\u00e4r finns \u00e4ven olika aktiviteter f\u00f6r barn. L\u00e4s mer om TrollskogenNeptuni \u00c5krar Det var Linn\u00e9 som 1741 gav de vidstr\u00e4ckta klapperstensf\u00e4lten och de b\u00f6ljande strandvallsformationerna namnet Neptuni \u00e5krar och visst ser landskapet ut [&hellip;]<\/p>\n","protected":false},"author":2,"featured_media":0,"parent":0,"menu_order":0,"comment_status":"closed","ping_status":"closed","template":"","meta":{"_et_pb_use_builder":"on","_et_pb_old_content":"","_et_gb_content_width":"","footnotes":""},"class_list":["post-971","page","type-page","status-publish","hentry"],"yoast_head":"<!-- This site is optimized with the Yoast SEO plugin v27.2 - https:\/\/yoast.com\/product\/yoast-seo-wordpress\/ -->\n<title>Naturupplevelser - Grankullavik Fritidsby<\/title>\n<meta name=\"description\" content=\"Uppt\u00e4ck naturupplevelser runt Grankullavik p\u00e5 \u00d6land. Str\u00e4nder, f\u00e5gelliv, vandring, skogar och kustmilj\u00f6 \u2013 perfekt f\u00f6r natur\u00e4lskare.\" \/>\n<meta name=\"robots\" content=\"index, follow, max-snippet:-1, max-image-preview:large, max-video-preview:-1\" \/>\n<link rel=\"canonical\" href=\"https:\/\/grankullavik.com\/de_de\/naturupplevelser\/\" \/>\n<meta property=\"og:locale\" content=\"de_DE\" \/>\n<meta property=\"og:type\" content=\"article\" \/>\n<meta property=\"og:title\" content=\"Naturupplevelser - Grankullavik Fritidsby\" \/>\n<meta property=\"og:description\" content=\"Uppt\u00e4ck naturupplevelser runt Grankullavik p\u00e5 \u00d6land. Str\u00e4nder, f\u00e5gelliv, vandring, skogar och kustmilj\u00f6 \u2013 perfekt f\u00f6r natur\u00e4lskare.\" \/>\n<meta property=\"og:url\" content=\"https:\/\/grankullavik.com\/de_de\/naturupplevelser\/\" \/>\n<meta property=\"og:site_name\" content=\"Grankullavik Fritidsby\" \/>\n<meta property=\"article:publisher\" content=\"https:\/\/www.facebook.com\/grankullavikfritidsby\/\" \/>\n<meta property=\"article:modified_time\" content=\"2026-03-12T08:56:22+00:00\" \/>\n<meta property=\"og:image\" content=\"https:\/\/grankullavik.com\/wp-content\/uploads\/2026\/03\/IMG_8390-kopiera-scaled-2.webp\" \/>\n\t<meta property=\"og:image:width\" content=\"1500\" \/>\n\t<meta property=\"og:image:height\" content=\"1000\" \/>\n\t<meta property=\"og:image:type\" content=\"image\/webp\" \/>\n<meta name=\"twitter:card\" content=\"summary_large_image\" \/>\n<meta name=\"twitter:label1\" content=\"Gesch\u00e4tzte Lesezeit\" \/>\n\t<meta name=\"twitter:data1\" content=\"3\u00a0Minuten\" \/>\n<script type=\"application\/ld+json\" class=\"yoast-schema-graph\">{\"@context\":\"https:\/\/schema.org\",\"@graph\":[{\"@type\":\"WebPage\",\"@id\":\"https:\/\/grankullavik.com\/naturupplevelser\/\",\"url\":\"https:\/\/grankullavik.com\/naturupplevelser\/\",\"name\":\"Naturupplevelser - Grankullavik Fritidsby\",\"isPartOf\":{\"@id\":\"https:\/\/grankullavik.com\/#website\"},\"datePublished\":\"2020-01-09T09:05:24+00:00\",\"dateModified\":\"2026-03-12T08:56:22+00:00\",\"description\":\"Uppt\u00e4ck naturupplevelser runt Grankullavik p\u00e5 \u00d6land. Str\u00e4nder, f\u00e5gelliv, vandring, skogar och kustmilj\u00f6 \u2013 perfekt f\u00f6r natur\u00e4lskare.\",\"breadcrumb\":{\"@id\":\"https:\/\/grankullavik.com\/naturupplevelser\/#breadcrumb\"},\"inLanguage\":\"de\",\"potentialAction\":[{\"@type\":\"ReadAction\",\"target\":[\"https:\/\/grankullavik.com\/naturupplevelser\/\"]}]},{\"@type\":\"BreadcrumbList\",\"@id\":\"https:\/\/grankullavik.com\/naturupplevelser\/#breadcrumb\",\"itemListElement\":[{\"@type\":\"ListItem\",\"position\":1,\"name\":\"Hem\",\"item\":\"https:\/\/grankullavik.com\/\"},{\"@type\":\"ListItem\",\"position\":2,\"name\":\"Naturupplevelser\"}]},{\"@type\":\"WebSite\",\"@id\":\"https:\/\/grankullavik.com\/#website\",\"url\":\"https:\/\/grankullavik.com\/\",\"name\":\"Grankullavik Fritidsby & \u00d6lands Sportfiskecentrum\",\"description\":\"Hyr stuga med havsutsikt p\u00e5 Norra \u00d6land. Boende med badstrand\",\"publisher\":{\"@id\":\"https:\/\/grankullavik.com\/#organization\"},\"alternateName\":\"Grankullavik Fritidsby\",\"potentialAction\":[{\"@type\":\"SearchAction\",\"target\":{\"@type\":\"EntryPoint\",\"urlTemplate\":\"https:\/\/grankullavik.com\/?s={search_term_string}\"},\"query-input\":{\"@type\":\"PropertyValueSpecification\",\"valueRequired\":true,\"valueName\":\"search_term_string\"}}],\"inLanguage\":\"de\"},{\"@type\":\"Organization\",\"@id\":\"https:\/\/grankullavik.com\/#organization\",\"name\":\"Grankullavik Fritidsby & \u00d6lands Sportfiskecentrum\",\"alternateName\":\"Grankullavik Fritidsby\",\"url\":\"https:\/\/grankullavik.com\/\",\"logo\":{\"@type\":\"ImageObject\",\"inLanguage\":\"de\",\"@id\":\"https:\/\/grankullavik.com\/#\/schema\/logo\/image\/\",\"url\":\"https:\/\/grankullavik.com\/wp-content\/uploads\/2019\/04\/cropped-favicon-grankullavik.png\",\"contentUrl\":\"https:\/\/grankullavik.com\/wp-content\/uploads\/2019\/04\/cropped-favicon-grankullavik.png\",\"width\":512,\"height\":512,\"caption\":\"Grankullavik Fritidsby & \u00d6lands Sportfiskecentrum\"},\"image\":{\"@id\":\"https:\/\/grankullavik.com\/#\/schema\/logo\/image\/\"},\"sameAs\":[\"https:\/\/www.facebook.com\/grankullavikfritidsby\/\"]}]}<\/script>\n<!-- \/ Yoast SEO plugin. -->","yoast_head_json":{"title":"Naturupplevelser - Grankullavik Fritidsby","description":"Uppt\u00e4ck naturupplevelser runt Grankullavik p\u00e5 \u00d6land. Str\u00e4nder, f\u00e5gelliv, vandring, skogar och kustmilj\u00f6 \u2013 perfekt f\u00f6r natur\u00e4lskare.","robots":{"index":"index","follow":"follow","max-snippet":"max-snippet:-1","max-image-preview":"max-image-preview:large","max-video-preview":"max-video-preview:-1"},"canonical":"https:\/\/grankullavik.com\/de_de\/naturupplevelser\/","og_locale":"de_DE","og_type":"article","og_title":"Naturupplevelser - Grankullavik Fritidsby","og_description":"Uppt\u00e4ck naturupplevelser runt Grankullavik p\u00e5 \u00d6land. Str\u00e4nder, f\u00e5gelliv, vandring, skogar och kustmilj\u00f6 \u2013 perfekt f\u00f6r natur\u00e4lskare.","og_url":"https:\/\/grankullavik.com\/de_de\/naturupplevelser\/","og_site_name":"Grankullavik Fritidsby","article_publisher":"https:\/\/www.facebook.com\/grankullavikfritidsby\/","article_modified_time":"2026-03-12T08:56:22+00:00","og_image":[{"width":1500,"height":1000,"url":"https:\/\/grankullavik.com\/wp-content\/uploads\/2026\/03\/IMG_8390-kopiera-scaled-2.webp","type":"image\/webp"}],"twitter_card":"summary_large_image","twitter_misc":{"Gesch\u00e4tzte Lesezeit":"3\u00a0Minuten"},"schema":{"@context":"https:\/\/schema.org","@graph":[{"@type":"WebPage","@id":"https:\/\/grankullavik.com\/naturupplevelser\/","url":"https:\/\/grankullavik.com\/naturupplevelser\/","name":"Naturupplevelser - Grankullavik Fritidsby","isPartOf":{"@id":"https:\/\/grankullavik.com\/#website"},"datePublished":"2020-01-09T09:05:24+00:00","dateModified":"2026-03-12T08:56:22+00:00","description":"Uppt\u00e4ck naturupplevelser runt Grankullavik p\u00e5 \u00d6land. Str\u00e4nder, f\u00e5gelliv, vandring, skogar och kustmilj\u00f6 \u2013 perfekt f\u00f6r natur\u00e4lskare.","breadcrumb":{"@id":"https:\/\/grankullavik.com\/naturupplevelser\/#breadcrumb"},"inLanguage":"de","potentialAction":[{"@type":"ReadAction","target":["https:\/\/grankullavik.com\/naturupplevelser\/"]}]},{"@type":"BreadcrumbList","@id":"https:\/\/grankullavik.com\/naturupplevelser\/#breadcrumb","itemListElement":[{"@type":"ListItem","position":1,"name":"Hem","item":"https:\/\/grankullavik.com\/"},{"@type":"ListItem","position":2,"name":"Naturupplevelser"}]},{"@type":"WebSite","@id":"https:\/\/grankullavik.com\/#website","url":"https:\/\/grankullavik.com\/","name":"Grankullavik Fritidsby & \u00d6lands Sportfiskecentrum","description":"Hyr stuga med havsutsikt p\u00e5 Norra \u00d6land. Boende med badstrand","publisher":{"@id":"https:\/\/grankullavik.com\/#organization"},"alternateName":"Grankullavik Fritidsby","potentialAction":[{"@type":"SearchAction","target":{"@type":"EntryPoint","urlTemplate":"https:\/\/grankullavik.com\/?s={search_term_string}"},"query-input":{"@type":"PropertyValueSpecification","valueRequired":true,"valueName":"search_term_string"}}],"inLanguage":"de"},{"@type":"Organization","@id":"https:\/\/grankullavik.com\/#organization","name":"Grankullavik Fritidsby & \u00d6lands Sportfiskecentrum","alternateName":"Grankullavik Fritidsby","url":"https:\/\/grankullavik.com\/","logo":{"@type":"ImageObject","inLanguage":"de","@id":"https:\/\/grankullavik.com\/#\/schema\/logo\/image\/","url":"https:\/\/grankullavik.com\/wp-content\/uploads\/2019\/04\/cropped-favicon-grankullavik.png","contentUrl":"https:\/\/grankullavik.com\/wp-content\/uploads\/2019\/04\/cropped-favicon-grankullavik.png","width":512,"height":512,"caption":"Grankullavik Fritidsby & \u00d6lands Sportfiskecentrum"},"image":{"@id":"https:\/\/grankullavik.com\/#\/schema\/logo\/image\/"},"sameAs":["https:\/\/www.facebook.com\/grankullavikfritidsby\/"]}]}},"_links":{"self":[{"href":"https:\/\/grankullavik.com\/de_de\/wp-json\/wp\/v2\/pages\/971","targetHints":{"allow":["GET"]}}],"collection":[{"href":"https:\/\/grankullavik.com\/de_de\/wp-json\/wp\/v2\/pages"}],"about":[{"href":"https:\/\/grankullavik.com\/de_de\/wp-json\/wp\/v2\/types\/page"}],"author":[{"embeddable":true,"href":"https:\/\/grankullavik.com\/de_de\/wp-json\/wp\/v2\/users\/2"}],"replies":[{"embeddable":true,"href":"https:\/\/grankullavik.com\/de_de\/wp-json\/wp\/v2\/comments?post=971"}],"version-history":[{"count":2,"href":"https:\/\/grankullavik.com\/de_de\/wp-json\/wp\/v2\/pages\/971\/revisions"}],"predecessor-version":[{"id":1849,"href":"https:\/\/grankullavik.com\/de_de\/wp-json\/wp\/v2\/pages\/971\/revisions\/1849"}],"wp:attachment":[{"href":"https:\/\/grankullavik.com\/de_de\/wp-json\/wp\/v2\/media?parent=971"}],"curies":[{"name":"wp","href":"https:\/\/api.w.org\/{rel}","templated":true}]}}