{"id":503,"date":"2019-03-06T14:57:09","date_gmt":"2019-03-06T13:57:09","guid":{"rendered":"http:\/\/grankullavik.com\/?page_id=503"},"modified":"2026-02-10T14:05:32","modified_gmt":"2026-02-10T13:05:32","slug":"foto","status":"publish","type":"page","link":"https:\/\/grankullavik.com\/en_us\/foto\/","title":{"rendered":"Photo"},"content":{"rendered":"<p>[et_pb_section fb_built=&#8221;1&#8243; custom_padding_last_edited=&#8221;off|desktop&#8221; admin_label=&#8221;Menu&#8221; _builder_version=&#8221;4.16&#8243; use_background_color_gradient=&#8221;on&#8221; background_color_gradient_type=&#8221;circular&#8221; background_color_gradient_direction_radial=&#8221;top right&#8221; background_color_gradient_stops=&#8221;rgba(255,255,255,0) 0%|rgba(255,255,255,0.75) 60%&#8221; background_color_gradient_overlays_image=&#8221;on&#8221; background_color_gradient_start=&#8221;rgba(255,255,255,0)&#8221; background_color_gradient_end=&#8221;rgba(255,255,255,0.75)&#8221; background_color_gradient_end_position=&#8221;60%&#8221; background_image=&#8221;https:\/\/grankullavik.com\/wp-content\/uploads\/2018\/12\/kontakt.jpg&#8221; custom_padding=&#8221;54px|0px|54px|0px|false|false&#8221; custom_padding_tablet=&#8221;50px|||&#8221; box_shadow_style=&#8221;preset6&#8243; box_shadow_horizontal=&#8221;80px&#8221; box_shadow_vertical=&#8221;-80px&#8221; box_shadow_blur=&#8221;80px&#8221; box_shadow_spread=&#8221;-40px&#8221; box_shadow_color=&#8221;#ffffff&#8221; global_colors_info=&#8221;{}&#8221;][et_pb_row _builder_version=&#8221;4.16&#8243; locked=&#8221;off&#8221; global_colors_info=&#8221;{}&#8221;][et_pb_column type=&#8221;4_4&#8243; _builder_version=&#8221;4.16&#8243; custom_padding=&#8221;|||&#8221; global_colors_info=&#8221;{}&#8221; custom_padding__hover=&#8221;|||&#8221;][et_pb_text _builder_version=&#8221;4.16&#8243; text_font_size=&#8221;16px&#8221; text_line_height=&#8221;2em&#8221; header_font=&#8221;|700|||||||&#8221; header_font_size=&#8221;50px&#8221; header_2_font=&#8221;|700|||||||&#8221; header_2_font_size=&#8221;50px&#8221; header_2_line_height=&#8221;1.2em&#8221; header_6_font=&#8221;|700||on|||||&#8221; header_6_font_size=&#8221;16px&#8221; header_6_letter_spacing=&#8221;5px&#8221; header_6_line_height=&#8221;1.8em&#8221; max_width=&#8221;512px&#8221; max_width_last_edited=&#8221;off|desktop&#8221; custom_margin=&#8221;||0px|&#8221; custom_padding=&#8221;||0px|&#8221; header_font_size_tablet=&#8221;35px&#8221; header_font_size_phone=&#8221;25px&#8221; header_font_size_last_edited=&#8221;on|phone&#8221; header_2_font_size_tablet=&#8221;35px&#8221; header_2_font_size_phone=&#8221;25px&#8221; header_2_font_size_last_edited=&#8221;on|phone&#8221; global_colors_info=&#8221;{}&#8221;]<\/p>\n<h6>Fritidsby &amp; \u00d6lands sportfiskecentrum<\/h6>\n<h1>Bildgalleri<\/h1>\n<p>[\/et_pb_text][\/et_pb_column][\/et_pb_row][et_pb_row column_structure=&#8221;1_2,1_2&#8243; _builder_version=&#8221;4.16&#8243; custom_margin=&#8221;0px|||&#8221; custom_padding=&#8221;0px|||&#8221; global_colors_info=&#8221;{}&#8221;][et_pb_column type=&#8221;1_2&#8243; _builder_version=&#8221;4.16&#8243; custom_padding=&#8221;0px|||&#8221; global_colors_info=&#8221;{}&#8221; custom_padding__hover=&#8221;|||&#8221;][et_pb_text _builder_version=&#8221;4.16&#8243; text_line_height=&#8221;2em&#8221; header_5_font=&#8221;Raleway|700|||||||&#8221; header_5_font_size=&#8221;20px&#8221; header_5_line_height=&#8221;1.2em&#8221; global_colors_info=&#8221;{}&#8221;]Bilder fr\u00e5n Grankullavik och omgivningar<br \/>\n[\/et_pb_text][\/et_pb_column][et_pb_column type=&#8221;1_2&#8243; _builder_version=&#8221;4.16&#8243; custom_padding=&#8221;0px|||&#8221; global_colors_info=&#8221;{}&#8221; custom_padding__hover=&#8221;|||&#8221;][\/et_pb_column][\/et_pb_row][\/et_pb_section][et_pb_section fb_built=&#8221;1&#8243; _builder_version=&#8221;4.16&#8243; global_colors_info=&#8221;{}&#8221;][et_pb_row _builder_version=&#8221;4.16&#8243; global_colors_info=&#8221;{}&#8221;][et_pb_column type=&#8221;4_4&#8243; _builder_version=&#8221;4.16&#8243; custom_padding=&#8221;|||&#8221; global_colors_info=&#8221;{}&#8221; custom_padding__hover=&#8221;|||&#8221;][et_pb_gallery gallery_ids=&#8221;1338,1225,1271,1336,1248,611,1379,1222,1211,1209,1378,1373,1217,1224,1233,1212,609,584,555,557,559,562,610,613,599,604,597,601,602,600,603,617,616,612,624,626,630,631,720&#8243; posts_number=&#8221;60&#8243; show_pagination=&#8221;off&#8221; zoom_icon_color=&#8221;rgba(0,0,0,0)&#8221; hover_overlay_color=&#8221;rgba(255,255,255,0.5)&#8221; _builder_version=&#8221;4.24.2&#8243; global_colors_info=&#8221;{}&#8221;][\/et_pb_gallery][\/et_pb_column][\/et_pb_row][\/et_pb_section]<\/p>\n","protected":false},"excerpt":{"rendered":"<p>Fritidsby &amp; \u00d6lands sportfiskecentrum Bildgalleri Bilder fr\u00e5n Grankullavik och omgivningar<\/p>","protected":false},"author":2,"featured_media":0,"parent":0,"menu_order":0,"comment_status":"closed","ping_status":"closed","template":"","meta":{"_et_pb_use_builder":"on","_et_pb_old_content":"","_et_gb_content_width":"","footnotes":""},"class_list":["post-503","page","type-page","status-publish","hentry"],"yoast_head":"<!-- This site is optimized with the Yoast SEO plugin v27.2 - https:\/\/yoast.com\/product\/yoast-seo-wordpress\/ -->\n<title>Bilder i Grankullavik Fritidsby<\/title>\n<meta name=\"description\" content=\"Se inspirerande bilder fr\u00e5n Grankullavik och \u00d6land. Fotogalleri med natur, stugor, kust, solnedg\u00e5ngar och minnesv\u00e4rda semester \u00f6gonblick.\" \/>\n<meta name=\"robots\" content=\"index, follow, max-snippet:-1, max-image-preview:large, max-video-preview:-1\" \/>\n<link rel=\"canonical\" href=\"https:\/\/grankullavik.com\/en_us\/foto\/\" \/>\n<meta property=\"og:locale\" content=\"en_US\" \/>\n<meta property=\"og:type\" content=\"article\" \/>\n<meta property=\"og:title\" content=\"Bilder i Grankullavik Fritidsby\" \/>\n<meta property=\"og:description\" content=\"Se inspirerande bilder fr\u00e5n Grankullavik och \u00d6land. Fotogalleri med natur, stugor, kust, solnedg\u00e5ngar och minnesv\u00e4rda semester \u00f6gonblick.\" \/>\n<meta property=\"og:url\" content=\"https:\/\/grankullavik.com\/en_us\/foto\/\" \/>\n<meta property=\"og:site_name\" content=\"Grankullavik Fritidsby\" \/>\n<meta property=\"article:publisher\" content=\"https:\/\/www.facebook.com\/grankullavikfritidsby\/\" \/>\n<meta property=\"article:modified_time\" content=\"2026-02-10T13:05:32+00:00\" \/>\n<meta property=\"og:image\" content=\"https:\/\/grankullavik.com\/wp-content\/uploads\/2026\/03\/IMG_8390-kopiera-scaled-2.webp\" \/>\n\t<meta property=\"og:image:width\" content=\"1500\" \/>\n\t<meta property=\"og:image:height\" content=\"1000\" \/>\n\t<meta property=\"og:image:type\" content=\"image\/webp\" \/>\n<meta name=\"twitter:card\" content=\"summary_large_image\" \/>\n<meta name=\"twitter:label1\" content=\"Est. reading time\" \/>\n\t<meta name=\"twitter:data1\" content=\"9 minutes\" \/>\n<script type=\"application\/ld+json\" class=\"yoast-schema-graph\">{\"@context\":\"https:\/\/schema.org\",\"@graph\":[{\"@type\":\"WebPage\",\"@id\":\"https:\/\/grankullavik.com\/foto\/\",\"url\":\"https:\/\/grankullavik.com\/foto\/\",\"name\":\"Bilder i Grankullavik Fritidsby\",\"isPartOf\":{\"@id\":\"https:\/\/grankullavik.com\/#website\"},\"datePublished\":\"2019-03-06T13:57:09+00:00\",\"dateModified\":\"2026-02-10T13:05:32+00:00\",\"description\":\"Se inspirerande bilder fr\u00e5n Grankullavik och \u00d6land. Fotogalleri med natur, stugor, kust, solnedg\u00e5ngar och minnesv\u00e4rda semester \u00f6gonblick.\",\"breadcrumb\":{\"@id\":\"https:\/\/grankullavik.com\/foto\/#breadcrumb\"},\"inLanguage\":\"en-US\",\"potentialAction\":[{\"@type\":\"ReadAction\",\"target\":[\"https:\/\/grankullavik.com\/foto\/\"]}]},{\"@type\":\"BreadcrumbList\",\"@id\":\"https:\/\/grankullavik.com\/foto\/#breadcrumb\",\"itemListElement\":[{\"@type\":\"ListItem\",\"position\":1,\"name\":\"Hem\",\"item\":\"https:\/\/grankullavik.com\/\"},{\"@type\":\"ListItem\",\"position\":2,\"name\":\"Foto\"}]},{\"@type\":\"WebSite\",\"@id\":\"https:\/\/grankullavik.com\/#website\",\"url\":\"https:\/\/grankullavik.com\/\",\"name\":\"Grankullavik Fritidsby & \u00d6lands Sportfiskecentrum\",\"description\":\"Hyr stuga med havsutsikt p\u00e5 Norra \u00d6land. Boende med badstrand\",\"publisher\":{\"@id\":\"https:\/\/grankullavik.com\/#organization\"},\"alternateName\":\"Grankullavik Fritidsby\",\"potentialAction\":[{\"@type\":\"SearchAction\",\"target\":{\"@type\":\"EntryPoint\",\"urlTemplate\":\"https:\/\/grankullavik.com\/?s={search_term_string}\"},\"query-input\":{\"@type\":\"PropertyValueSpecification\",\"valueRequired\":true,\"valueName\":\"search_term_string\"}}],\"inLanguage\":\"en-US\"},{\"@type\":\"Organization\",\"@id\":\"https:\/\/grankullavik.com\/#organization\",\"name\":\"Grankullavik Fritidsby & \u00d6lands Sportfiskecentrum\",\"alternateName\":\"Grankullavik Fritidsby\",\"url\":\"https:\/\/grankullavik.com\/\",\"logo\":{\"@type\":\"ImageObject\",\"inLanguage\":\"en-US\",\"@id\":\"https:\/\/grankullavik.com\/#\/schema\/logo\/image\/\",\"url\":\"https:\/\/grankullavik.com\/wp-content\/uploads\/2019\/04\/cropped-favicon-grankullavik.png\",\"contentUrl\":\"https:\/\/grankullavik.com\/wp-content\/uploads\/2019\/04\/cropped-favicon-grankullavik.png\",\"width\":512,\"height\":512,\"caption\":\"Grankullavik Fritidsby & \u00d6lands Sportfiskecentrum\"},\"image\":{\"@id\":\"https:\/\/grankullavik.com\/#\/schema\/logo\/image\/\"},\"sameAs\":[\"https:\/\/www.facebook.com\/grankullavikfritidsby\/\"]}]}<\/script>\n<!-- \/ Yoast SEO plugin. -->","yoast_head_json":{"title":"Bilder i Grankullavik Fritidsby","description":"Se inspirerande bilder fr\u00e5n Grankullavik och \u00d6land. Fotogalleri med natur, stugor, kust, solnedg\u00e5ngar och minnesv\u00e4rda semester \u00f6gonblick.","robots":{"index":"index","follow":"follow","max-snippet":"max-snippet:-1","max-image-preview":"max-image-preview:large","max-video-preview":"max-video-preview:-1"},"canonical":"https:\/\/grankullavik.com\/en_us\/foto\/","og_locale":"en_US","og_type":"article","og_title":"Bilder i Grankullavik Fritidsby","og_description":"Se inspirerande bilder fr\u00e5n Grankullavik och \u00d6land. Fotogalleri med natur, stugor, kust, solnedg\u00e5ngar och minnesv\u00e4rda semester \u00f6gonblick.","og_url":"https:\/\/grankullavik.com\/en_us\/foto\/","og_site_name":"Grankullavik Fritidsby","article_publisher":"https:\/\/www.facebook.com\/grankullavikfritidsby\/","article_modified_time":"2026-02-10T13:05:32+00:00","og_image":[{"width":1500,"height":1000,"url":"https:\/\/grankullavik.com\/wp-content\/uploads\/2026\/03\/IMG_8390-kopiera-scaled-2.webp","type":"image\/webp"}],"twitter_card":"summary_large_image","twitter_misc":{"Est. reading time":"9 minutes"},"schema":{"@context":"https:\/\/schema.org","@graph":[{"@type":"WebPage","@id":"https:\/\/grankullavik.com\/foto\/","url":"https:\/\/grankullavik.com\/foto\/","name":"Bilder i Grankullavik Fritidsby","isPartOf":{"@id":"https:\/\/grankullavik.com\/#website"},"datePublished":"2019-03-06T13:57:09+00:00","dateModified":"2026-02-10T13:05:32+00:00","description":"Se inspirerande bilder fr\u00e5n Grankullavik och \u00d6land. Fotogalleri med natur, stugor, kust, solnedg\u00e5ngar och minnesv\u00e4rda semester \u00f6gonblick.","breadcrumb":{"@id":"https:\/\/grankullavik.com\/foto\/#breadcrumb"},"inLanguage":"en-US","potentialAction":[{"@type":"ReadAction","target":["https:\/\/grankullavik.com\/foto\/"]}]},{"@type":"BreadcrumbList","@id":"https:\/\/grankullavik.com\/foto\/#breadcrumb","itemListElement":[{"@type":"ListItem","position":1,"name":"Hem","item":"https:\/\/grankullavik.com\/"},{"@type":"ListItem","position":2,"name":"Foto"}]},{"@type":"WebSite","@id":"https:\/\/grankullavik.com\/#website","url":"https:\/\/grankullavik.com\/","name":"Grankullavik Fritidsby & \u00d6lands Sportfiskecentrum","description":"Hyr stuga med havsutsikt p\u00e5 Norra \u00d6land. Boende med badstrand","publisher":{"@id":"https:\/\/grankullavik.com\/#organization"},"alternateName":"Grankullavik Fritidsby","potentialAction":[{"@type":"SearchAction","target":{"@type":"EntryPoint","urlTemplate":"https:\/\/grankullavik.com\/?s={search_term_string}"},"query-input":{"@type":"PropertyValueSpecification","valueRequired":true,"valueName":"search_term_string"}}],"inLanguage":"en-US"},{"@type":"Organization","@id":"https:\/\/grankullavik.com\/#organization","name":"Grankullavik Fritidsby & \u00d6lands Sportfiskecentrum","alternateName":"Grankullavik Fritidsby","url":"https:\/\/grankullavik.com\/","logo":{"@type":"ImageObject","inLanguage":"en-US","@id":"https:\/\/grankullavik.com\/#\/schema\/logo\/image\/","url":"https:\/\/grankullavik.com\/wp-content\/uploads\/2019\/04\/cropped-favicon-grankullavik.png","contentUrl":"https:\/\/grankullavik.com\/wp-content\/uploads\/2019\/04\/cropped-favicon-grankullavik.png","width":512,"height":512,"caption":"Grankullavik Fritidsby & \u00d6lands Sportfiskecentrum"},"image":{"@id":"https:\/\/grankullavik.com\/#\/schema\/logo\/image\/"},"sameAs":["https:\/\/www.facebook.com\/grankullavikfritidsby\/"]}]}},"_links":{"self":[{"href":"https:\/\/grankullavik.com\/en_us\/wp-json\/wp\/v2\/pages\/503","targetHints":{"allow":["GET"]}}],"collection":[{"href":"https:\/\/grankullavik.com\/en_us\/wp-json\/wp\/v2\/pages"}],"about":[{"href":"https:\/\/grankullavik.com\/en_us\/wp-json\/wp\/v2\/types\/page"}],"author":[{"embeddable":true,"href":"https:\/\/grankullavik.com\/en_us\/wp-json\/wp\/v2\/users\/2"}],"replies":[{"embeddable":true,"href":"https:\/\/grankullavik.com\/en_us\/wp-json\/wp\/v2\/comments?post=503"}],"version-history":[{"count":1,"href":"https:\/\/grankullavik.com\/en_us\/wp-json\/wp\/v2\/pages\/503\/revisions"}],"predecessor-version":[{"id":1799,"href":"https:\/\/grankullavik.com\/en_us\/wp-json\/wp\/v2\/pages\/503\/revisions\/1799"}],"wp:attachment":[{"href":"https:\/\/grankullavik.com\/en_us\/wp-json\/wp\/v2\/media?parent=503"}],"curies":[{"name":"wp","href":"https:\/\/api.w.org\/{rel}","templated":true}]}}