{"id":1607,"date":"2025-03-31T11:42:50","date_gmt":"2025-03-31T09:42:50","guid":{"rendered":"https:\/\/grankullavik.com\/?page_id=1607"},"modified":"2026-02-10T13:55:38","modified_gmt":"2026-02-10T12:55:38","slug":"boka","status":"publish","type":"page","link":"https:\/\/grankullavik.com\/pl_pl\/boka\/","title":{"rendered":"KSI\u0104\u017bKA"},"content":{"rendered":"<p>[et_pb_section fb_built=&#8221;1&#8243; admin_label=&#8221;section&#8221; _builder_version=&#8221;4.16&#8243; saved_tabs=&#8221;all&#8221; global_colors_info=&#8221;{}&#8221;][et_pb_row admin_label=&#8221;row&#8221; _builder_version=&#8221;4.16&#8243; background_size=&#8221;initial&#8221; background_position=&#8221;top_left&#8221; background_repeat=&#8221;repeat&#8221; global_colors_info=&#8221;{}&#8221;][et_pb_column type=&#8221;4_4&#8243; _builder_version=&#8221;4.16&#8243; custom_padding=&#8221;|||&#8221; global_colors_info=&#8221;{}&#8221; custom_padding__hover=&#8221;|||&#8221;][et_pb_code raw_content_tablet=&#8221;%91sirvoy form-id=%228b7dce38765cf459%22%93&#8243; raw_content_phone=&#8221;%91sirvoy form-id=%228b7dce38765cf459%22%93&#8243; raw_content_last_edited=&#8221;on|desktop&#8221; admin_label=&#8221;Kod&#8221; _builder_version=&#8221;4.27.4&#8243; _module_preset=&#8221;default&#8221; overflow-x_last_edited=&#8221;off|desktop&#8221; global_colors_info=&#8221;{}&#8221;]<script async src=\"https:\/\/secured.sirvoy.com\/widget\/sirvoy.js\" data-form-id=\"8b7dce38765cf459\" data-wp-plugin-version=\"5.1\"><\/script>[\/et_pb_code][\/et_pb_column][\/et_pb_row][\/et_pb_section]<\/p>\n","protected":false},"excerpt":{"rendered":"<script async src=\"https:\/\/secured.sirvoy.com\/widget\/sirvoy.js\" data-form-id=\"8b7dce38765cf459\" data-wp-plugin-version=\"5.1\"><\/script>","protected":false},"author":2,"featured_media":0,"parent":0,"menu_order":0,"comment_status":"closed","ping_status":"closed","template":"","meta":{"_et_pb_use_builder":"on","_et_pb_old_content":"","_et_gb_content_width":"","footnotes":""},"class_list":["post-1607","page","type-page","status-publish","hentry"],"yoast_head":"<!-- This site is optimized with the Yoast SEO plugin v27.2 - https:\/\/yoast.com\/product\/yoast-seo-wordpress\/ -->\n<title>Boka stuga p\u00e5 \u00d6land. Direkt online!<\/title>\n<meta name=\"description\" content=\"Boka din stuga i Grankullavik enkelt online. V\u00e4lj storlek, datum och s\u00e4kra ditt semesterboende p\u00e5 natursk\u00f6na \u00d6land direkt h\u00e4r.\" \/>\n<meta name=\"robots\" content=\"index, follow, max-snippet:-1, max-image-preview:large, max-video-preview:-1\" \/>\n<link rel=\"canonical\" href=\"https:\/\/grankullavik.com\/pl_pl\/boka\/\" \/>\n<meta property=\"og:locale\" content=\"pl_PL\" \/>\n<meta property=\"og:type\" content=\"article\" \/>\n<meta property=\"og:title\" content=\"Boka stuga p\u00e5 \u00d6land. Direkt online!\" \/>\n<meta property=\"og:description\" content=\"Boka din stuga i Grankullavik enkelt online. V\u00e4lj storlek, datum och s\u00e4kra ditt semesterboende p\u00e5 natursk\u00f6na \u00d6land direkt h\u00e4r.\" \/>\n<meta property=\"og:url\" content=\"https:\/\/grankullavik.com\/pl_pl\/boka\/\" \/>\n<meta property=\"og:site_name\" content=\"Grankullavik Fritidsby\" \/>\n<meta property=\"article:publisher\" content=\"https:\/\/www.facebook.com\/grankullavikfritidsby\/\" \/>\n<meta property=\"article:modified_time\" content=\"2026-02-10T12:55:38+00:00\" \/>\n<meta property=\"og:image\" content=\"https:\/\/grankullavik.com\/wp-content\/uploads\/2026\/03\/IMG_8390-kopiera-scaled-2.webp\" \/>\n\t<meta property=\"og:image:width\" content=\"1500\" \/>\n\t<meta property=\"og:image:height\" content=\"1000\" \/>\n\t<meta property=\"og:image:type\" content=\"image\/webp\" \/>\n<meta name=\"twitter:card\" content=\"summary_large_image\" \/>\n<script type=\"application\/ld+json\" class=\"yoast-schema-graph\">{\"@context\":\"https:\/\/schema.org\",\"@graph\":[{\"@type\":\"WebPage\",\"@id\":\"https:\/\/grankullavik.com\/boka\/\",\"url\":\"https:\/\/grankullavik.com\/boka\/\",\"name\":\"Boka stuga p\u00e5 \u00d6land. Direkt online!\",\"isPartOf\":{\"@id\":\"https:\/\/grankullavik.com\/#website\"},\"datePublished\":\"2025-03-31T09:42:50+00:00\",\"dateModified\":\"2026-02-10T12:55:38+00:00\",\"description\":\"Boka din stuga i Grankullavik enkelt online. V\u00e4lj storlek, datum och s\u00e4kra ditt semesterboende p\u00e5 natursk\u00f6na \u00d6land direkt h\u00e4r.\",\"breadcrumb\":{\"@id\":\"https:\/\/grankullavik.com\/boka\/#breadcrumb\"},\"inLanguage\":\"pl-PL\",\"potentialAction\":[{\"@type\":\"ReadAction\",\"target\":[\"https:\/\/grankullavik.com\/boka\/\"]}]},{\"@type\":\"BreadcrumbList\",\"@id\":\"https:\/\/grankullavik.com\/boka\/#breadcrumb\",\"itemListElement\":[{\"@type\":\"ListItem\",\"position\":1,\"name\":\"Hem\",\"item\":\"https:\/\/grankullavik.com\/\"},{\"@type\":\"ListItem\",\"position\":2,\"name\":\"BOKA\"}]},{\"@type\":\"WebSite\",\"@id\":\"https:\/\/grankullavik.com\/#website\",\"url\":\"https:\/\/grankullavik.com\/\",\"name\":\"Grankullavik Fritidsby & \u00d6lands Sportfiskecentrum\",\"description\":\"Hyr stuga med havsutsikt p\u00e5 Norra \u00d6land. Boende med badstrand\",\"publisher\":{\"@id\":\"https:\/\/grankullavik.com\/#organization\"},\"alternateName\":\"Grankullavik Fritidsby\",\"potentialAction\":[{\"@type\":\"SearchAction\",\"target\":{\"@type\":\"EntryPoint\",\"urlTemplate\":\"https:\/\/grankullavik.com\/?s={search_term_string}\"},\"query-input\":{\"@type\":\"PropertyValueSpecification\",\"valueRequired\":true,\"valueName\":\"search_term_string\"}}],\"inLanguage\":\"pl-PL\"},{\"@type\":\"Organization\",\"@id\":\"https:\/\/grankullavik.com\/#organization\",\"name\":\"Grankullavik Fritidsby & \u00d6lands Sportfiskecentrum\",\"alternateName\":\"Grankullavik Fritidsby\",\"url\":\"https:\/\/grankullavik.com\/\",\"logo\":{\"@type\":\"ImageObject\",\"inLanguage\":\"pl-PL\",\"@id\":\"https:\/\/grankullavik.com\/#\/schema\/logo\/image\/\",\"url\":\"https:\/\/grankullavik.com\/wp-content\/uploads\/2019\/04\/cropped-favicon-grankullavik.png\",\"contentUrl\":\"https:\/\/grankullavik.com\/wp-content\/uploads\/2019\/04\/cropped-favicon-grankullavik.png\",\"width\":512,\"height\":512,\"caption\":\"Grankullavik Fritidsby & \u00d6lands Sportfiskecentrum\"},\"image\":{\"@id\":\"https:\/\/grankullavik.com\/#\/schema\/logo\/image\/\"},\"sameAs\":[\"https:\/\/www.facebook.com\/grankullavikfritidsby\/\"]}]}<\/script>\n<!-- \/ Yoast SEO plugin. -->","yoast_head_json":{"title":"Boka stuga p\u00e5 \u00d6land. Direkt online!","description":"Boka din stuga i Grankullavik enkelt online. V\u00e4lj storlek, datum och s\u00e4kra ditt semesterboende p\u00e5 natursk\u00f6na \u00d6land direkt h\u00e4r.","robots":{"index":"index","follow":"follow","max-snippet":"max-snippet:-1","max-image-preview":"max-image-preview:large","max-video-preview":"max-video-preview:-1"},"canonical":"https:\/\/grankullavik.com\/pl_pl\/boka\/","og_locale":"pl_PL","og_type":"article","og_title":"Boka stuga p\u00e5 \u00d6land. Direkt online!","og_description":"Boka din stuga i Grankullavik enkelt online. V\u00e4lj storlek, datum och s\u00e4kra ditt semesterboende p\u00e5 natursk\u00f6na \u00d6land direkt h\u00e4r.","og_url":"https:\/\/grankullavik.com\/pl_pl\/boka\/","og_site_name":"Grankullavik Fritidsby","article_publisher":"https:\/\/www.facebook.com\/grankullavikfritidsby\/","article_modified_time":"2026-02-10T12:55:38+00:00","og_image":[{"width":1500,"height":1000,"url":"https:\/\/grankullavik.com\/wp-content\/uploads\/2026\/03\/IMG_8390-kopiera-scaled-2.webp","type":"image\/webp"}],"twitter_card":"summary_large_image","schema":{"@context":"https:\/\/schema.org","@graph":[{"@type":"WebPage","@id":"https:\/\/grankullavik.com\/boka\/","url":"https:\/\/grankullavik.com\/boka\/","name":"Boka stuga p\u00e5 \u00d6land. Direkt online!","isPartOf":{"@id":"https:\/\/grankullavik.com\/#website"},"datePublished":"2025-03-31T09:42:50+00:00","dateModified":"2026-02-10T12:55:38+00:00","description":"Boka din stuga i Grankullavik enkelt online. V\u00e4lj storlek, datum och s\u00e4kra ditt semesterboende p\u00e5 natursk\u00f6na \u00d6land direkt h\u00e4r.","breadcrumb":{"@id":"https:\/\/grankullavik.com\/boka\/#breadcrumb"},"inLanguage":"pl-PL","potentialAction":[{"@type":"ReadAction","target":["https:\/\/grankullavik.com\/boka\/"]}]},{"@type":"BreadcrumbList","@id":"https:\/\/grankullavik.com\/boka\/#breadcrumb","itemListElement":[{"@type":"ListItem","position":1,"name":"Hem","item":"https:\/\/grankullavik.com\/"},{"@type":"ListItem","position":2,"name":"BOKA"}]},{"@type":"WebSite","@id":"https:\/\/grankullavik.com\/#website","url":"https:\/\/grankullavik.com\/","name":"Grankullavik Fritidsby & \u00d6lands Sportfiskecentrum","description":"Hyr stuga med havsutsikt p\u00e5 Norra \u00d6land. Boende med badstrand","publisher":{"@id":"https:\/\/grankullavik.com\/#organization"},"alternateName":"Grankullavik Fritidsby","potentialAction":[{"@type":"SearchAction","target":{"@type":"EntryPoint","urlTemplate":"https:\/\/grankullavik.com\/?s={search_term_string}"},"query-input":{"@type":"PropertyValueSpecification","valueRequired":true,"valueName":"search_term_string"}}],"inLanguage":"pl-PL"},{"@type":"Organization","@id":"https:\/\/grankullavik.com\/#organization","name":"Grankullavik Fritidsby & \u00d6lands Sportfiskecentrum","alternateName":"Grankullavik Fritidsby","url":"https:\/\/grankullavik.com\/","logo":{"@type":"ImageObject","inLanguage":"pl-PL","@id":"https:\/\/grankullavik.com\/#\/schema\/logo\/image\/","url":"https:\/\/grankullavik.com\/wp-content\/uploads\/2019\/04\/cropped-favicon-grankullavik.png","contentUrl":"https:\/\/grankullavik.com\/wp-content\/uploads\/2019\/04\/cropped-favicon-grankullavik.png","width":512,"height":512,"caption":"Grankullavik Fritidsby & \u00d6lands Sportfiskecentrum"},"image":{"@id":"https:\/\/grankullavik.com\/#\/schema\/logo\/image\/"},"sameAs":["https:\/\/www.facebook.com\/grankullavikfritidsby\/"]}]}},"_links":{"self":[{"href":"https:\/\/grankullavik.com\/pl_pl\/wp-json\/wp\/v2\/pages\/1607","targetHints":{"allow":["GET"]}}],"collection":[{"href":"https:\/\/grankullavik.com\/pl_pl\/wp-json\/wp\/v2\/pages"}],"about":[{"href":"https:\/\/grankullavik.com\/pl_pl\/wp-json\/wp\/v2\/types\/page"}],"author":[{"embeddable":true,"href":"https:\/\/grankullavik.com\/pl_pl\/wp-json\/wp\/v2\/users\/2"}],"replies":[{"embeddable":true,"href":"https:\/\/grankullavik.com\/pl_pl\/wp-json\/wp\/v2\/comments?post=1607"}],"version-history":[{"count":1,"href":"https:\/\/grankullavik.com\/pl_pl\/wp-json\/wp\/v2\/pages\/1607\/revisions"}],"predecessor-version":[{"id":1796,"href":"https:\/\/grankullavik.com\/pl_pl\/wp-json\/wp\/v2\/pages\/1607\/revisions\/1796"}],"wp:attachment":[{"href":"https:\/\/grankullavik.com\/pl_pl\/wp-json\/wp\/v2\/media?parent=1607"}],"curies":[{"name":"wp","href":"https:\/\/api.w.org\/{rel}","templated":true}]}}