{"id":278,"date":"2018-12-17T10:43:19","date_gmt":"2018-12-17T09:43:19","guid":{"rendered":"http:\/\/grankullavik.com\/?page_id=278"},"modified":"2025-03-20T08:16:18","modified_gmt":"2025-03-20T07:16:18","slug":"integritetspolicy","status":"publish","type":"page","link":"https:\/\/grankullavik.com\/pl_pl\/integritetspolicy\/","title":{"rendered":"Polityka prywatno\u015bci"},"content":{"rendered":"<p>[et_pb_section fb_built=&#8221;1&#8243; _builder_version=&#8221;4.16&#8243; global_colors_info=&#8221;{}&#8221;][et_pb_row _builder_version=&#8221;4.16&#8243; background_size=&#8221;initial&#8221; background_position=&#8221;top_left&#8221; background_repeat=&#8221;repeat&#8221; global_colors_info=&#8221;{}&#8221; column_structure=&#8221;1_2,1_2&#8243;][et_pb_column type=&#8221;1_2&#8243; _builder_version=&#8221;4.16&#8243; custom_padding=&#8221;|||&#8221; global_colors_info=&#8221;{}&#8221; custom_padding__hover=&#8221;|||&#8221;][et_pb_text _builder_version=&#8221;4.24.2&#8243; hover_enabled=&#8221;0&#8243; global_colors_info=&#8221;{}&#8221; sticky_enabled=&#8221;0&#8243;]<\/p>\n<h1>Integritetspolicy<\/h1>\n<p><strong>Sidorna p\u00e5 denna webbplats (nedan ben\u00e4mnd\u00a0<em>webbplatsen<\/em>) \u00e4r publicerade av Grankullaviks Fritidsby &amp; \u00d6lands Sportfiskecentrum (nedan ben\u00e4mnd Grankullavik, \u201doss\u201d eller \u201dvi\u201d.)\u00a0 Vi kommer inte att samla in n\u00e5gon information om bes\u00f6kande individer, utom n\u00e4r det \u00e4r specifikt och d\u00e5 informeras bes\u00f6karen av detta.<\/strong><\/p>\n<p>N\u00e4r du bes\u00f6ker v\u00e5r hemsida, samlar v\u00e5r webbserver in viss grundl\u00e4ggande information som exempelvis din Internet-tj\u00e4nsteleverant\u00f6rs dom\u00e4nnamn, vilka sidor som bes\u00f6ks p\u00e5 webbplatsen, och n\u00e4r detta sker. Vi anv\u00e4nder denna information endast f\u00f6r att analysera anv\u00e4ndningen av denna webbplats f\u00f6r att f\u00f6rb\u00e4ttra webbplatsen. Vi samlar inte in n\u00e5gon personlig identifierbar information om bes\u00f6kare.<\/p>\n<h3>Cookies<\/h3>\n<p>Cookies \u00e4r sm\u00e5 textfiler best\u00e5ende av bokst\u00e4ver och siffror. Dessa skickas fr\u00e5n v\u00e5r eller v\u00e5ra partners webbservrar och sparas p\u00e5 din enhet (till exempel dator eller mobil). De kan sparas p\u00e5 tv\u00e5 olika s\u00e4tt.<\/p>\n<ul>\n<li><strong>Sessionscookies<\/strong>\u00a0\u00e4r tillf\u00e4lliga cookies som f\u00f6rsvinner n\u00e4r du st\u00e4nger din webbl\u00e4sare eller app.<\/li>\n<li><strong>Varaktiga cookies\u00a0<\/strong>\u00e4r cookies som ligger kvar p\u00e5 din dator tills du tar bort dem eller tills de g\u00e5r ut.<\/li>\n<\/ul>\n<p><strong>Olika typer av cookies<br \/><\/strong>B\u00e5de v\u00e5r webbplats och andra, som Facebook eller Google, kan placera cookies p\u00e5 din dator n\u00e4r du bes\u00f6ker den h\u00e4r webbplatsen. Cookies fr\u00e5n webbplatsen du bes\u00f6ker kallas f\u00f6rstapartscookies och cookies fr\u00e5n andra webbplatser kallas tredjepartscookies.<\/p>\n<h3>F\u00f6rstapartscookies<\/h3>\n<p>Den enda f\u00f6rstapartscookie som denna webbplats placerar p\u00e5 din dator \u00e4r den som skapas n\u00e4r du bekr\u00e4ftar att du godk\u00e4nner att v\u00e5r anv\u00e4ndning av cookies (eucookie)<\/p>\n<h3>Tredjepartscookies<\/h3>\n<p>P\u00e5 v\u00e5r webbplats anv\u00e4nds s\u00e5 kallade tredjepartscookies. Vi m\u00e4ter till exempel bes\u00f6ksstatistik med hj\u00e4lp av Google Analytics. Syftet \u00e4r att f\u00f6rst\u00e5 hur v\u00e5r sida anv\u00e4nds och kunna f\u00f6rb\u00e4ttra den.\u00a0Vissa tredjepartscookies inf\u00f6rs av tj\u00e4nster som visas p\u00e5 v\u00e5ra sidor men som inte ligger under v\u00e5r kontroll. De l\u00e4ggs in av f\u00f6retag som tillhandah\u00e5ller sociala medier, som till exempel Twitter och Facebook.<\/p>\n<p><em>Denna webbplats anv\u00e4nder inte n\u00e5gra tj\u00e4nster fr\u00e5n sociala medier som facebook, twitter etc.<\/em><\/p>\n<h4>Tredjepartcookies som anv\u00e4nds p\u00e5 denna webbplats<\/h4>\n<p>Denna webbplats har tredjepartcookies fr\u00e5n:<\/p>\n<ul>\n<li>Google Analytics<\/li>\n<li>vackertvader.se<\/li>\n<\/ul>\n<h3>Hur man kan avb\u00f6ja anv\u00e4ndningen av Cookies<\/h3>\n<p>Du kan neka anv\u00e4ndningen av cookies genom att justera eller v\u00e4lja vissa inst\u00e4llningar i din webbl\u00e4sare. Men om du g\u00f6r det du kan f\u00f6rlora n\u00e5gra anv\u00e4ndbara funktioner s\u00e5som \u201dpersonalisering av webbplatsen\u201d och \u201dKom ih\u00e5g mig\u201d funktioner.<\/p>\n<h2>Vilka uppgifter sparar vi om dig?<\/h2>\n<h3>N\u00e4r du kontaktar oss via bokningsformul\u00e4r<\/h3>\n<p>Dessa uppgifter beh\u00f6ver vi spara n\u00e4r du g\u00f6r en bokningsf\u00f6rfr\u00e5gan.<\/p>\n<table class=\"table table-bordered\">\n<tbody>\n<tr>\n<th>Kategori av uppgifter<\/th>\n<th>Personuppgifter<\/th>\n<\/tr>\n<tr>\n<td>Kontaktuppgifter<\/td>\n<td>Namn<br \/>Utdelningsadress<br \/>Postnr och ort<br \/>Telefon<br \/>Epostadress<br \/>Meddelande<\/td>\n<\/tr>\n<tr>\n<td>Bokningsuppgifter<\/td>\n<td>Stuga\/stugor som du \u00e4r intresserad av<br \/>Antal vuxna<br \/>Antal barn<br \/>Fr\u00e5n vecka<br \/>Till vecka<\/td>\n<\/tr>\n<\/tbody>\n<\/table>\n<h3>N\u00e4r du kontaktar oss via e-post och telefon<\/h3>\n<p><em>Beroende p\u00e5 \u00e4rendets art s\u00e5 sparar vi f\u00f6ljande uppgifter.<\/em><\/p>\n<table class=\"table table-bordered\">\n<tbody>\n<tr>\n<th>Kategori av uppgifter<\/th>\n<th>Personuppgifter<\/th>\n<\/tr>\n<tr>\n<td>Kontaktuppgifter<\/td>\n<td>Namn<br \/>Telefon<br \/>Epostadress<\/td>\n<\/tr>\n<tr>\n<td>Bokningsuppgifter<\/td>\n<td>* Stuga\/stugor som du \u00e4r intresserad av<br \/>* Antal vuxna<br \/>* Antal barn<br \/>* Fr\u00e5n vecka<br \/>* Till vecka<\/td>\n<\/tr>\n<\/tbody>\n<\/table>\n<p><em>*) Sparas inte om det inte g\u00e4ller bokning (alt. bokningsf\u00f6rfr\u00e5gan).<\/em><\/p>\n<h3>Personuppgiftsansvarig<\/h3>\n<p>Birger och Liselott Karlsson<br \/>Grankullav\u00e4gen 322<br \/>SE-387 75 Byxelkrok<\/p>\n<p>Telefon: +46706887566<br \/>E-post:\u00a0<a href=\"mailto:info@grankullavik.com\">info@grankullavik.com<\/a><\/p>\n<p><em>Denna information \u00e4ndrades senast\u00a0\u00a025 maj, 2025<\/em><\/p>\n<p>[\/et_pb_text][\/et_pb_column][et_pb_column type=&#8221;1_2&#8243; _builder_version=&#8221;4.16&#8243; custom_padding=&#8221;|||&#8221; global_colors_info=&#8221;{}&#8221; custom_padding__hover=&#8221;|||&#8221;][\/et_pb_column][\/et_pb_row][\/et_pb_section]<\/p>\n","protected":false},"excerpt":{"rendered":"<p>Integritetspolicy Sidorna p\u00e5 denna webbplats (nedan ben\u00e4mnd\u00a0webbplatsen) \u00e4r publicerade av Grankullaviks Fritidsby &amp; \u00d6lands Sportfiskecentrum (nedan ben\u00e4mnd Grankullavik, \u201doss\u201d eller \u201dvi\u201d.)\u00a0 Vi kommer inte att samla in n\u00e5gon information om bes\u00f6kande individer, utom n\u00e4r det \u00e4r specifikt och d\u00e5 informeras bes\u00f6karen av detta. N\u00e4r du bes\u00f6ker v\u00e5r hemsida, samlar v\u00e5r webbserver in viss grundl\u00e4ggande information [&hellip;]<\/p>\n","protected":false},"author":2,"featured_media":0,"parent":0,"menu_order":0,"comment_status":"closed","ping_status":"closed","template":"","meta":{"_et_pb_use_builder":"on","_et_pb_old_content":"","_et_gb_content_width":"","footnotes":""},"class_list":["post-278","page","type-page","status-publish","hentry"],"yoast_head":"<!-- This site is optimized with the Yoast SEO plugin v27.2 - https:\/\/yoast.com\/product\/yoast-seo-wordpress\/ -->\n<title>Integritetspolicy - Grankullavik Fritidsby<\/title>\n<meta name=\"robots\" content=\"index, follow, max-snippet:-1, max-image-preview:large, max-video-preview:-1\" \/>\n<link rel=\"canonical\" href=\"https:\/\/grankullavik.com\/pl_pl\/integritetspolicy\/\" \/>\n<meta property=\"og:locale\" content=\"pl_PL\" \/>\n<meta property=\"og:type\" content=\"article\" \/>\n<meta property=\"og:title\" content=\"Integritetspolicy - Grankullavik Fritidsby\" \/>\n<meta property=\"og:description\" content=\"Integritetspolicy Sidorna p\u00e5 denna webbplats (nedan ben\u00e4mnd\u00a0webbplatsen) \u00e4r publicerade av Grankullaviks Fritidsby &amp; \u00d6lands Sportfiskecentrum (nedan ben\u00e4mnd Grankullavik, \u201doss\u201d eller \u201dvi\u201d.)\u00a0 Vi kommer inte att samla in n\u00e5gon information om bes\u00f6kande individer, utom n\u00e4r det \u00e4r specifikt och d\u00e5 informeras bes\u00f6karen av detta. N\u00e4r du bes\u00f6ker v\u00e5r hemsida, samlar v\u00e5r webbserver in viss grundl\u00e4ggande information [&hellip;]\" \/>\n<meta property=\"og:url\" content=\"https:\/\/grankullavik.com\/pl_pl\/integritetspolicy\/\" \/>\n<meta property=\"og:site_name\" content=\"Grankullavik Fritidsby\" \/>\n<meta property=\"article:publisher\" content=\"https:\/\/www.facebook.com\/grankullavikfritidsby\/\" \/>\n<meta property=\"article:modified_time\" content=\"2025-03-20T07:16:18+00:00\" \/>\n<meta property=\"og:image\" content=\"https:\/\/grankullavik.com\/wp-content\/uploads\/2026\/03\/IMG_8390-kopiera-scaled-2.webp\" \/>\n\t<meta property=\"og:image:width\" content=\"1500\" \/>\n\t<meta property=\"og:image:height\" content=\"1000\" \/>\n\t<meta property=\"og:image:type\" content=\"image\/webp\" \/>\n<meta name=\"twitter:card\" content=\"summary_large_image\" \/>\n<meta name=\"twitter:label1\" content=\"Szacowany czas czytania\" \/>\n\t<meta name=\"twitter:data1\" content=\"3 minuty\" \/>\n<script type=\"application\/ld+json\" class=\"yoast-schema-graph\">{\"@context\":\"https:\/\/schema.org\",\"@graph\":[{\"@type\":\"WebPage\",\"@id\":\"https:\/\/grankullavik.com\/integritetspolicy\/\",\"url\":\"https:\/\/grankullavik.com\/integritetspolicy\/\",\"name\":\"Integritetspolicy - Grankullavik Fritidsby\",\"isPartOf\":{\"@id\":\"https:\/\/grankullavik.com\/#website\"},\"datePublished\":\"2018-12-17T09:43:19+00:00\",\"dateModified\":\"2025-03-20T07:16:18+00:00\",\"breadcrumb\":{\"@id\":\"https:\/\/grankullavik.com\/integritetspolicy\/#breadcrumb\"},\"inLanguage\":\"pl-PL\",\"potentialAction\":[{\"@type\":\"ReadAction\",\"target\":[\"https:\/\/grankullavik.com\/integritetspolicy\/\"]}]},{\"@type\":\"BreadcrumbList\",\"@id\":\"https:\/\/grankullavik.com\/integritetspolicy\/#breadcrumb\",\"itemListElement\":[{\"@type\":\"ListItem\",\"position\":1,\"name\":\"Hem\",\"item\":\"https:\/\/grankullavik.com\/\"},{\"@type\":\"ListItem\",\"position\":2,\"name\":\"Integritetspolicy\"}]},{\"@type\":\"WebSite\",\"@id\":\"https:\/\/grankullavik.com\/#website\",\"url\":\"https:\/\/grankullavik.com\/\",\"name\":\"Grankullavik Fritidsby & \u00d6lands Sportfiskecentrum\",\"description\":\"Hyr stuga med havsutsikt p\u00e5 Norra \u00d6land. Boende med badstrand\",\"publisher\":{\"@id\":\"https:\/\/grankullavik.com\/#organization\"},\"alternateName\":\"Grankullavik Fritidsby\",\"potentialAction\":[{\"@type\":\"SearchAction\",\"target\":{\"@type\":\"EntryPoint\",\"urlTemplate\":\"https:\/\/grankullavik.com\/?s={search_term_string}\"},\"query-input\":{\"@type\":\"PropertyValueSpecification\",\"valueRequired\":true,\"valueName\":\"search_term_string\"}}],\"inLanguage\":\"pl-PL\"},{\"@type\":\"Organization\",\"@id\":\"https:\/\/grankullavik.com\/#organization\",\"name\":\"Grankullavik Fritidsby & \u00d6lands Sportfiskecentrum\",\"alternateName\":\"Grankullavik Fritidsby\",\"url\":\"https:\/\/grankullavik.com\/\",\"logo\":{\"@type\":\"ImageObject\",\"inLanguage\":\"pl-PL\",\"@id\":\"https:\/\/grankullavik.com\/#\/schema\/logo\/image\/\",\"url\":\"https:\/\/grankullavik.com\/wp-content\/uploads\/2019\/04\/cropped-favicon-grankullavik.png\",\"contentUrl\":\"https:\/\/grankullavik.com\/wp-content\/uploads\/2019\/04\/cropped-favicon-grankullavik.png\",\"width\":512,\"height\":512,\"caption\":\"Grankullavik Fritidsby & \u00d6lands Sportfiskecentrum\"},\"image\":{\"@id\":\"https:\/\/grankullavik.com\/#\/schema\/logo\/image\/\"},\"sameAs\":[\"https:\/\/www.facebook.com\/grankullavikfritidsby\/\"]}]}<\/script>\n<!-- \/ Yoast SEO plugin. -->","yoast_head_json":{"title":"Integritetspolicy - Grankullavik Fritidsby","robots":{"index":"index","follow":"follow","max-snippet":"max-snippet:-1","max-image-preview":"max-image-preview:large","max-video-preview":"max-video-preview:-1"},"canonical":"https:\/\/grankullavik.com\/pl_pl\/integritetspolicy\/","og_locale":"pl_PL","og_type":"article","og_title":"Integritetspolicy - Grankullavik Fritidsby","og_description":"Integritetspolicy Sidorna p\u00e5 denna webbplats (nedan ben\u00e4mnd\u00a0webbplatsen) \u00e4r publicerade av Grankullaviks Fritidsby &amp; \u00d6lands Sportfiskecentrum (nedan ben\u00e4mnd Grankullavik, \u201doss\u201d eller \u201dvi\u201d.)\u00a0 Vi kommer inte att samla in n\u00e5gon information om bes\u00f6kande individer, utom n\u00e4r det \u00e4r specifikt och d\u00e5 informeras bes\u00f6karen av detta. N\u00e4r du bes\u00f6ker v\u00e5r hemsida, samlar v\u00e5r webbserver in viss grundl\u00e4ggande information [&hellip;]","og_url":"https:\/\/grankullavik.com\/pl_pl\/integritetspolicy\/","og_site_name":"Grankullavik Fritidsby","article_publisher":"https:\/\/www.facebook.com\/grankullavikfritidsby\/","article_modified_time":"2025-03-20T07:16:18+00:00","og_image":[{"width":1500,"height":1000,"url":"https:\/\/grankullavik.com\/wp-content\/uploads\/2026\/03\/IMG_8390-kopiera-scaled-2.webp","type":"image\/webp"}],"twitter_card":"summary_large_image","twitter_misc":{"Szacowany czas czytania":"3 minuty"},"schema":{"@context":"https:\/\/schema.org","@graph":[{"@type":"WebPage","@id":"https:\/\/grankullavik.com\/integritetspolicy\/","url":"https:\/\/grankullavik.com\/integritetspolicy\/","name":"Integritetspolicy - Grankullavik Fritidsby","isPartOf":{"@id":"https:\/\/grankullavik.com\/#website"},"datePublished":"2018-12-17T09:43:19+00:00","dateModified":"2025-03-20T07:16:18+00:00","breadcrumb":{"@id":"https:\/\/grankullavik.com\/integritetspolicy\/#breadcrumb"},"inLanguage":"pl-PL","potentialAction":[{"@type":"ReadAction","target":["https:\/\/grankullavik.com\/integritetspolicy\/"]}]},{"@type":"BreadcrumbList","@id":"https:\/\/grankullavik.com\/integritetspolicy\/#breadcrumb","itemListElement":[{"@type":"ListItem","position":1,"name":"Hem","item":"https:\/\/grankullavik.com\/"},{"@type":"ListItem","position":2,"name":"Integritetspolicy"}]},{"@type":"WebSite","@id":"https:\/\/grankullavik.com\/#website","url":"https:\/\/grankullavik.com\/","name":"Grankullavik Fritidsby & \u00d6lands Sportfiskecentrum","description":"Hyr stuga med havsutsikt p\u00e5 Norra \u00d6land. Boende med badstrand","publisher":{"@id":"https:\/\/grankullavik.com\/#organization"},"alternateName":"Grankullavik Fritidsby","potentialAction":[{"@type":"SearchAction","target":{"@type":"EntryPoint","urlTemplate":"https:\/\/grankullavik.com\/?s={search_term_string}"},"query-input":{"@type":"PropertyValueSpecification","valueRequired":true,"valueName":"search_term_string"}}],"inLanguage":"pl-PL"},{"@type":"Organization","@id":"https:\/\/grankullavik.com\/#organization","name":"Grankullavik Fritidsby & \u00d6lands Sportfiskecentrum","alternateName":"Grankullavik Fritidsby","url":"https:\/\/grankullavik.com\/","logo":{"@type":"ImageObject","inLanguage":"pl-PL","@id":"https:\/\/grankullavik.com\/#\/schema\/logo\/image\/","url":"https:\/\/grankullavik.com\/wp-content\/uploads\/2019\/04\/cropped-favicon-grankullavik.png","contentUrl":"https:\/\/grankullavik.com\/wp-content\/uploads\/2019\/04\/cropped-favicon-grankullavik.png","width":512,"height":512,"caption":"Grankullavik Fritidsby & \u00d6lands Sportfiskecentrum"},"image":{"@id":"https:\/\/grankullavik.com\/#\/schema\/logo\/image\/"},"sameAs":["https:\/\/www.facebook.com\/grankullavikfritidsby\/"]}]}},"_links":{"self":[{"href":"https:\/\/grankullavik.com\/pl_pl\/wp-json\/wp\/v2\/pages\/278","targetHints":{"allow":["GET"]}}],"collection":[{"href":"https:\/\/grankullavik.com\/pl_pl\/wp-json\/wp\/v2\/pages"}],"about":[{"href":"https:\/\/grankullavik.com\/pl_pl\/wp-json\/wp\/v2\/types\/page"}],"author":[{"embeddable":true,"href":"https:\/\/grankullavik.com\/pl_pl\/wp-json\/wp\/v2\/users\/2"}],"replies":[{"embeddable":true,"href":"https:\/\/grankullavik.com\/pl_pl\/wp-json\/wp\/v2\/comments?post=278"}],"version-history":[{"count":0,"href":"https:\/\/grankullavik.com\/pl_pl\/wp-json\/wp\/v2\/pages\/278\/revisions"}],"wp:attachment":[{"href":"https:\/\/grankullavik.com\/pl_pl\/wp-json\/wp\/v2\/media?parent=278"}],"curies":[{"name":"wp","href":"https:\/\/api.w.org\/{rel}","templated":true}]}}